{"id":6994,"date":"2024-04-26T21:27:21","date_gmt":"2024-04-26T21:27:21","guid":{"rendered":"https:\/\/mothersdayspecials.medimoremd.net\/?page_id=6994"},"modified":"2024-04-26T21:27:52","modified_gmt":"2024-04-26T21:27:52","slug":"politicas-de-privacidad","status":"publish","type":"page","link":"https:\/\/mothersdayspecials.medimoremd.net\/index.php\/es\/politicas-de-privacidad\/","title":{"rendered":"Politicas de privacidad"},"content":{"rendered":"\t\t<div data-elementor-type=\"wp-page\" data-elementor-id=\"6994\" class=\"elementor elementor-6994\">\n\t\t\t\t<div class=\"elementor-element elementor-element-556dded e-flex e-con-boxed e-con e-parent\" data-id=\"556dded\" data-element_type=\"container\">\n\t\t\t\t\t<div class=\"e-con-inner\">\n\t\t\t\t<div class=\"elementor-element elementor-element-04e6db2 elementor-drop-cap-yes elementor-drop-cap-view-default elementor-widget elementor-widget-text-editor\" data-id=\"04e6db2\" data-element_type=\"widget\" data-settings=\"{&quot;drop_cap&quot;:&quot;yes&quot;}\" data-widget_type=\"text-editor.default\">\n\t\t\t\t<div class=\"elementor-widget-container\">\n\t\t\t<style>\/*! elementor - v3.21.0 - 24-04-2024 *\/\n.elementor-widget-text-editor.elementor-drop-cap-view-stacked .elementor-drop-cap{background-color:#69727d;color:#fff}.elementor-widget-text-editor.elementor-drop-cap-view-framed .elementor-drop-cap{color:#69727d;border:3px solid;background-color:transparent}.elementor-widget-text-editor:not(.elementor-drop-cap-view-default) .elementor-drop-cap{margin-top:8px}.elementor-widget-text-editor:not(.elementor-drop-cap-view-default) .elementor-drop-cap-letter{width:1em;height:1em}.elementor-widget-text-editor .elementor-drop-cap{float:left;text-align:center;line-height:1;font-size:50px}.elementor-widget-text-editor .elementor-drop-cap-letter{display:inline-block}<\/style>\t\t\t\t<p><!-- wp:heading --><\/p><p>Bienvenido a Medimore MD. Esta Pol\u00edtica de Privacidad describe c\u00f3mo Medimore MD recopila, utiliza y comparte informaci\u00f3n cuando usted utiliza nuestros servicios a trav\u00e9s de nuestro sitio web\u00a0<a href=\"https:\/\/medimoremd.net\/\" target=\"_new\">https:\/\/medimoremd.net\/<\/a>\u00a0(en adelante, el \u201cSitio\u201d) y otros servicios relacionados. Al utilizar el Sitio, usted acepta las pr\u00e1cticas de privacidad descritas en esta pol\u00edtica.<\/p><p><strong>1. Informaci\u00f3n que Recopilamos<\/strong><\/p><ul><li>Informaci\u00f3n Personal: Recopilamos informaci\u00f3n personal que usted nos proporciona voluntariamente, como su nombre, direcci\u00f3n de correo electr\u00f3nico, n\u00famero de tel\u00e9fono y otra informaci\u00f3n que pueda identificarlo.<\/li><li>Informaci\u00f3n de Uso: Recopilamos autom\u00e1ticamente cierta informaci\u00f3n sobre su dispositivo y su uso del Sitio, como su direcci\u00f3n IP, tipo de navegador, p\u00e1ginas visitadas, y la fecha y hora de su visita.<\/li><li>Cookies y Tecnolog\u00edas Similares: Utilizamos cookies y tecnolog\u00edas similares para recopilar informaci\u00f3n sobre sus actividades en l\u00ednea y para mejorar su experiencia en el Sitio.<\/li><\/ul><p><strong>2. Uso de la Informaci\u00f3n<\/strong><\/p><p>Utilizamos la informaci\u00f3n recopilada para:<\/p><ul><li>Proporcionar y mantener el Sitio.<\/li><li>Personalizar y mejorar su experiencia en el Sitio.<\/li><li>Comunicarnos con usted, incluido el env\u00edo de comunicaciones promocionales y actualizaciones.<\/li><li>Cumplir con las leyes y regulaciones aplicables.<\/li><\/ul><p><strong>3. Compartir de la Informaci\u00f3n<\/strong><\/p><p>Podemos compartir su informaci\u00f3n personal con terceros en las siguientes situaciones:<\/p><ul><li>Con su consentimiento.<\/li><li>Con proveedores de servicios que nos ayudan a operar el Sitio y prestar servicios relacionados.<\/li><li>Para cumplir con requisitos legales o procesos legales.<\/li><li>Para proteger nuestros derechos, su seguridad o la seguridad de otros usuarios.<\/li><\/ul><p><strong>4. Seguridad de la Informaci\u00f3n<\/strong><\/p><p>Implementamos medidas de seguridad razonables para proteger la informaci\u00f3n contra el acceso no autorizado, la alteraci\u00f3n o la destrucci\u00f3n.<\/p><p><strong>5. Sus Derechos<\/strong><\/p><p>Usted tiene ciertos derechos con respecto a su informaci\u00f3n personal, incluido el derecho a acceder, corregir, eliminar y restringir el procesamiento de su informaci\u00f3n.<\/p><p><strong>6. Cambios en esta Pol\u00edtica de Privacidad<\/strong><\/p><p>Nos reservamos el derecho de actualizar esta Pol\u00edtica de Privacidad en cualquier momento. Le notificaremos cualquier cambio mediante una publicaci\u00f3n en el Sitio. Le recomendamos que revise peri\u00f3dicamente esta pol\u00edtica para conocer cualquier cambio.<\/p><p><strong>7. Contacto<\/strong><\/p><p>Si tiene alguna pregunta sobre esta Pol\u00edtica de Privacidad, cont\u00e1ctenos a trav\u00e9s de\u00a0<a target=\"_new\">medimoreadmin@medimoremd.com<\/a>\u00a0o al tel\u00e9fono 561-467-5232.<\/p><p><!-- \/wp:paragraph --><\/p>\t\t\t\t\t\t<\/div>\n\t\t\t\t<\/div>\n\t\t\t\t\t<\/div>\n\t\t\t\t<\/div>\n\t\t\t\t<\/div>\n\t\t","protected":false},"excerpt":{"rendered":"<p>Bienvenido a Medimore MD. Esta Pol\u00edtica de Privacidad describe c\u00f3mo Medimore MD recopila, utiliza y comparte informaci\u00f3n cuando usted utiliza nuestros servicios a trav\u00e9s de nuestro sitio web\u00a0https:\/\/medimoremd.net\/\u00a0(en adelante, el \u201cSitio\u201d) y otros servicios relacionados. Al utilizar el Sitio, usted acepta las pr\u00e1cticas de privacidad descritas en esta pol\u00edtica. 1. Informaci\u00f3n que Recopilamos Informaci\u00f3n Personal: [&hellip;]<\/p>\n","protected":false},"author":1,"featured_media":0,"parent":0,"menu_order":0,"comment_status":"closed","ping_status":"closed","template":"","meta":{"footnotes":""},"class_list":["post-6994","page","type-page","status-publish","hentry"],"yoast_head":"<!-- This site is optimized with the Yoast SEO plugin v22.5 - https:\/\/yoast.com\/wordpress\/plugins\/seo\/ -->\n<title>Politicas de privacidad - Mothers day specials<\/title>\n<meta name=\"robots\" content=\"index, follow, max-snippet:-1, max-image-preview:large, max-video-preview:-1\" \/>\n<link rel=\"canonical\" href=\"https:\/\/mothersdayspecials.medimoremd.net\/index.php\/es\/politicas-de-privacidad\/\" \/>\n<meta property=\"og:locale\" content=\"en_US\" \/>\n<meta property=\"og:type\" content=\"article\" \/>\n<meta property=\"og:title\" content=\"Politicas de privacidad - Mothers day specials\" \/>\n<meta property=\"og:description\" content=\"Bienvenido a Medimore MD. Esta Pol\u00edtica de Privacidad describe c\u00f3mo Medimore MD recopila, utiliza y comparte informaci\u00f3n cuando usted utiliza nuestros servicios a trav\u00e9s de nuestro sitio web\u00a0https:\/\/medimoremd.net\/\u00a0(en adelante, el \u201cSitio\u201d) y otros servicios relacionados. Al utilizar el Sitio, usted acepta las pr\u00e1cticas de privacidad descritas en esta pol\u00edtica. 1. Informaci\u00f3n que Recopilamos Informaci\u00f3n Personal: [&hellip;]\" \/>\n<meta property=\"og:url\" content=\"https:\/\/mothersdayspecials.medimoremd.net\/index.php\/es\/politicas-de-privacidad\/\" \/>\n<meta property=\"og:site_name\" content=\"Mothers day specials\" \/>\n<meta property=\"article:publisher\" content=\"https:\/\/www.facebook.com\/medimoremd\" \/>\n<meta property=\"article:modified_time\" content=\"2024-04-26T21:27:52+00:00\" \/>\n<meta name=\"twitter:card\" content=\"summary_large_image\" \/>\n<meta name=\"twitter:label1\" content=\"Est. reading time\" \/>\n\t<meta name=\"twitter:data1\" content=\"2 minutes\" \/>\n<script type=\"application\/ld+json\" class=\"yoast-schema-graph\">{\"@context\":\"https:\/\/schema.org\",\"@graph\":[{\"@type\":\"WebPage\",\"@id\":\"https:\/\/mothersdayspecials.medimoremd.net\/index.php\/es\/politicas-de-privacidad\/\",\"url\":\"https:\/\/mothersdayspecials.medimoremd.net\/index.php\/es\/politicas-de-privacidad\/\",\"name\":\"Politicas de privacidad - Mothers day specials\",\"isPartOf\":{\"@id\":\"https:\/\/mothersdayspecials.medimoremd.net\/#website\"},\"datePublished\":\"2024-04-26T21:27:21+00:00\",\"dateModified\":\"2024-04-26T21:27:52+00:00\",\"breadcrumb\":{\"@id\":\"https:\/\/mothersdayspecials.medimoremd.net\/index.php\/es\/politicas-de-privacidad\/#breadcrumb\"},\"inLanguage\":\"en-US\",\"potentialAction\":[{\"@type\":\"ReadAction\",\"target\":[\"https:\/\/mothersdayspecials.medimoremd.net\/index.php\/es\/politicas-de-privacidad\/\"]}]},{\"@type\":\"BreadcrumbList\",\"@id\":\"https:\/\/mothersdayspecials.medimoremd.net\/index.php\/es\/politicas-de-privacidad\/#breadcrumb\",\"itemListElement\":[{\"@type\":\"ListItem\",\"position\":1,\"name\":\"Home\",\"item\":\"https:\/\/mothersdayspecials.medimoremd.net\/\"},{\"@type\":\"ListItem\",\"position\":2,\"name\":\"Politicas de privacidad\"}]},{\"@type\":\"WebSite\",\"@id\":\"https:\/\/mothersdayspecials.medimoremd.net\/#website\",\"url\":\"https:\/\/mothersdayspecials.medimoremd.net\/\",\"name\":\"Mothers day specials\",\"description\":\"Special offers for Mother&#039;s Day with MedimoreMD.\",\"publisher\":{\"@id\":\"https:\/\/mothersdayspecials.medimoremd.net\/#organization\"},\"potentialAction\":[{\"@type\":\"SearchAction\",\"target\":{\"@type\":\"EntryPoint\",\"urlTemplate\":\"https:\/\/mothersdayspecials.medimoremd.net\/?s={search_term_string}\"},\"query-input\":\"required name=search_term_string\"}],\"inLanguage\":\"en-US\"},{\"@type\":\"Organization\",\"@id\":\"https:\/\/mothersdayspecials.medimoremd.net\/#organization\",\"name\":\"Medimoremd\",\"url\":\"https:\/\/mothersdayspecials.medimoremd.net\/\",\"logo\":{\"@type\":\"ImageObject\",\"inLanguage\":\"en-US\",\"@id\":\"https:\/\/mothersdayspecials.medimoremd.net\/#\/schema\/logo\/image\/\",\"url\":\"https:\/\/mothersdayspecials.medimoremd.net\/wp-content\/uploads\/2022\/08\/medimore-md-logo.png\",\"contentUrl\":\"https:\/\/mothersdayspecials.medimoremd.net\/wp-content\/uploads\/2022\/08\/medimore-md-logo.png\",\"width\":657,\"height\":160,\"caption\":\"Medimoremd\"},\"image\":{\"@id\":\"https:\/\/mothersdayspecials.medimoremd.net\/#\/schema\/logo\/image\/\"},\"sameAs\":[\"https:\/\/www.facebook.com\/medimoremd\",\"https:\/\/www.instagram.com\/medimoremd\/\"]}]}<\/script>\n<!-- \/ Yoast SEO plugin. -->","yoast_head_json":{"title":"Politicas de privacidad - Mothers day specials","robots":{"index":"index","follow":"follow","max-snippet":"max-snippet:-1","max-image-preview":"max-image-preview:large","max-video-preview":"max-video-preview:-1"},"canonical":"https:\/\/mothersdayspecials.medimoremd.net\/index.php\/es\/politicas-de-privacidad\/","og_locale":"en_US","og_type":"article","og_title":"Politicas de privacidad - Mothers day specials","og_description":"Bienvenido a Medimore MD. Esta Pol\u00edtica de Privacidad describe c\u00f3mo Medimore MD recopila, utiliza y comparte informaci\u00f3n cuando usted utiliza nuestros servicios a trav\u00e9s de nuestro sitio web\u00a0https:\/\/medimoremd.net\/\u00a0(en adelante, el \u201cSitio\u201d) y otros servicios relacionados. Al utilizar el Sitio, usted acepta las pr\u00e1cticas de privacidad descritas en esta pol\u00edtica. 1. Informaci\u00f3n que Recopilamos Informaci\u00f3n Personal: [&hellip;]","og_url":"https:\/\/mothersdayspecials.medimoremd.net\/index.php\/es\/politicas-de-privacidad\/","og_site_name":"Mothers day specials","article_publisher":"https:\/\/www.facebook.com\/medimoremd","article_modified_time":"2024-04-26T21:27:52+00:00","twitter_card":"summary_large_image","twitter_misc":{"Est. reading time":"2 minutes"},"schema":{"@context":"https:\/\/schema.org","@graph":[{"@type":"WebPage","@id":"https:\/\/mothersdayspecials.medimoremd.net\/index.php\/es\/politicas-de-privacidad\/","url":"https:\/\/mothersdayspecials.medimoremd.net\/index.php\/es\/politicas-de-privacidad\/","name":"Politicas de privacidad - Mothers day specials","isPartOf":{"@id":"https:\/\/mothersdayspecials.medimoremd.net\/#website"},"datePublished":"2024-04-26T21:27:21+00:00","dateModified":"2024-04-26T21:27:52+00:00","breadcrumb":{"@id":"https:\/\/mothersdayspecials.medimoremd.net\/index.php\/es\/politicas-de-privacidad\/#breadcrumb"},"inLanguage":"en-US","potentialAction":[{"@type":"ReadAction","target":["https:\/\/mothersdayspecials.medimoremd.net\/index.php\/es\/politicas-de-privacidad\/"]}]},{"@type":"BreadcrumbList","@id":"https:\/\/mothersdayspecials.medimoremd.net\/index.php\/es\/politicas-de-privacidad\/#breadcrumb","itemListElement":[{"@type":"ListItem","position":1,"name":"Home","item":"https:\/\/mothersdayspecials.medimoremd.net\/"},{"@type":"ListItem","position":2,"name":"Politicas de privacidad"}]},{"@type":"WebSite","@id":"https:\/\/mothersdayspecials.medimoremd.net\/#website","url":"https:\/\/mothersdayspecials.medimoremd.net\/","name":"Mothers day specials","description":"Special offers for Mother&#039;s Day with MedimoreMD.","publisher":{"@id":"https:\/\/mothersdayspecials.medimoremd.net\/#organization"},"potentialAction":[{"@type":"SearchAction","target":{"@type":"EntryPoint","urlTemplate":"https:\/\/mothersdayspecials.medimoremd.net\/?s={search_term_string}"},"query-input":"required name=search_term_string"}],"inLanguage":"en-US"},{"@type":"Organization","@id":"https:\/\/mothersdayspecials.medimoremd.net\/#organization","name":"Medimoremd","url":"https:\/\/mothersdayspecials.medimoremd.net\/","logo":{"@type":"ImageObject","inLanguage":"en-US","@id":"https:\/\/mothersdayspecials.medimoremd.net\/#\/schema\/logo\/image\/","url":"https:\/\/mothersdayspecials.medimoremd.net\/wp-content\/uploads\/2022\/08\/medimore-md-logo.png","contentUrl":"https:\/\/mothersdayspecials.medimoremd.net\/wp-content\/uploads\/2022\/08\/medimore-md-logo.png","width":657,"height":160,"caption":"Medimoremd"},"image":{"@id":"https:\/\/mothersdayspecials.medimoremd.net\/#\/schema\/logo\/image\/"},"sameAs":["https:\/\/www.facebook.com\/medimoremd","https:\/\/www.instagram.com\/medimoremd\/"]}]}},"_links":{"self":[{"href":"https:\/\/mothersdayspecials.medimoremd.net\/index.php\/wp-json\/wp\/v2\/pages\/6994","targetHints":{"allow":["GET"]}}],"collection":[{"href":"https:\/\/mothersdayspecials.medimoremd.net\/index.php\/wp-json\/wp\/v2\/pages"}],"about":[{"href":"https:\/\/mothersdayspecials.medimoremd.net\/index.php\/wp-json\/wp\/v2\/types\/page"}],"author":[{"embeddable":true,"href":"https:\/\/mothersdayspecials.medimoremd.net\/index.php\/wp-json\/wp\/v2\/users\/1"}],"replies":[{"embeddable":true,"href":"https:\/\/mothersdayspecials.medimoremd.net\/index.php\/wp-json\/wp\/v2\/comments?post=6994"}],"version-history":[{"count":5,"href":"https:\/\/mothersdayspecials.medimoremd.net\/index.php\/wp-json\/wp\/v2\/pages\/6994\/revisions"}],"predecessor-version":[{"id":6999,"href":"https:\/\/mothersdayspecials.medimoremd.net\/index.php\/wp-json\/wp\/v2\/pages\/6994\/revisions\/6999"}],"wp:attachment":[{"href":"https:\/\/mothersdayspecials.medimoremd.net\/index.php\/wp-json\/wp\/v2\/media?parent=6994"}],"curies":[{"name":"wp","href":"https:\/\/api.w.org\/{rel}","templated":true}]}}